{"id":2586,"date":"2025-07-13T19:13:48","date_gmt":"2025-07-13T19:13:48","guid":{"rendered":"https:\/\/aidaplatform.com.tr\/?post_type=product&#038;p=2586"},"modified":"2025-07-13T19:17:30","modified_gmt":"2025-07-13T19:17:30","slug":"bag-ard-erkek-hakiki-deri-postaci-cantasi-kahverengi","status":"publish","type":"product","link":"https:\/\/aidaplatform.com.tr\/?product=bag-ard-erkek-hakiki-deri-postaci-cantasi-kahverengi","title":{"rendered":"Bag Ard Erkek Hakiki Deri Postac\u0131 \u00c7antas\u0131 KAHVERENG\u0130"},"content":{"rendered":"<h2>Hakiki Deri ile Sofistike Zarafet<\/h2>\n<p>Bag Ard Erkek Hakiki Deri Postac\u0131 \u00c7antas\u0131 KAHVERENG\u0130, erkek moda aksesuarlar\u0131n\u0131n zirvesini sunar. Hakiki deri materyali sayesinde \u00fcst\u00fcn dayan\u0131kl\u0131l\u0131k, uzun \u00f6m\u00fcrl\u00fcl\u00fck ve zamans\u0131z bir estetik sa\u011flar. Kahverengi tonlar\u0131yla profesyonel d\u00fcnyada veya g\u00fcnl\u00fck kullan\u0131mlarda sofistike bir g\u00f6r\u00fcn\u00fcm yaratman\u0131za yard\u0131mc\u0131 olur.<\/p>\n<h2>Pratik ve \u0130\u015flevsel Tasar\u0131m<\/h2>\n<p>Bu postac\u0131 \u00e7antas\u0131 sadece tarz\u0131n\u0131z\u0131 y\u00fckseltmekle kalmaz, ayn\u0131 zamanda g\u00fcnl\u00fck ihtiya\u00e7lar\u0131n\u0131z\u0131 kar\u015f\u0131layacak \u015fekilde tasarlanm\u0131\u015ft\u0131r. Geni\u015f ana b\u00f6l\u00fcm\u00fc, t\u00fcm e\u015fyalar\u0131n\u0131z\u0131 d\u00fczenli bir \u015fekilde ta\u015f\u0131man\u0131z\u0131 m\u00fcmk\u00fcn k\u0131lar. Ayarlanabilir ask\u0131s\u0131, ki\u015fisel konforunuza g\u00f6re kullan\u0131m kolayl\u0131\u011f\u0131 sa\u011flar. Hafif yap\u0131s\u0131, g\u00fcn boyu ta\u015f\u0131may\u0131 zahmetsiz hale getirir.<\/p>\n<h2>Her Ortama Uygun Kullan\u0131m<\/h2>\n<p>\u0130ster i\u015f seyahatleri ister casual geziler i\u00e7in olsun, Bag Ard Erkek Hakiki Deri Postac\u0131 \u00c7antas\u0131 her ortama uygundur. Kahverengi, do\u011fal ve s\u0131cak bir ton oldu\u011fundan, k\u0131yafetlerinizle kolayca kombin edilebilir. Bu \u00e7antayla kombininiz daha \u015f\u0131k, kendinize olan g\u00fcveniniz daha y\u00fcksek olacakt\u0131r.<\/p>\n<p>Bag Ard Erkek Hakiki Deri Postac\u0131 \u00c7antas\u0131 KAHVERENG\u0130, kaliteye de\u011fer veren, \u015f\u0131kl\u0131\u011f\u0131 ve i\u015flevselli\u011fi bir arada isteyen modern erkek ve kad\u0131nlar i\u00e7in vazge\u00e7ilmez bir se\u00e7imdir. Hakiki deri ile kendinizi \u00f6d\u00fcllendirmenin zaman\u0131 geldi.<\/p>\n","protected":false},"excerpt":{"rendered":"<ul>\n<li>%100 Hakiki deridir.<\/li>\n<li>4 Fermuar G\u00f6zl\u00fcd\u00fcr.<\/li>\n<li>Ayarlanabillir omuz ask\u0131l\u0131kl\u0131d\u0131r.<\/li>\n<li>22\u00d724 cm \u00f6l\u00e7\u00fcs\u00fcndedir.<\/li>\n<li>\u0130\u00e7 Astarl\u0131d\u0131r<\/li>\n<li>Omuz \u00c7antas\u0131<\/li>\n<li>Erkek ve Kad\u0131n kullan\u0131m\u0131na uygundur.<\/li>\n<\/ul>\n","protected":false},"featured_media":2587,"comment_status":"open","ping_status":"closed","template":"","meta":{"_uag_custom_page_level_css":"","_kad_post_transparent":"default","_kad_post_title":"","_kad_post_layout":"default","_kad_post_sidebar_id":"","_kad_post_content_style":"default","_kad_post_vertical_padding":"default","_kad_post_feature":"","_kad_post_feature_position":"","_kad_post_header":false,"_kad_post_footer":false,"jetpack_publicize_message":"","jetpack_publicize_feature_enabled":true,"jetpack_social_post_already_shared":false,"jetpack_social_options":{"image_generator_settings":{"template":"highway","default_image_id":0,"font":"","enabled":false},"version":2}},"product_brand":[],"product_cat":[459],"product_tag":[379,380,377,381,378],"class_list":{"0":"post-2586","1":"product","2":"type-product","3":"status-publish","4":"has-post-thumbnail","6":"product_cat-canta-ve-aksesuar","7":"product_tag-deriomuzcantasi","8":"product_tag-erkekcanta","9":"product_tag-hakikideri","10":"product_tag-kadincanta","11":"product_tag-omuzcantasi","13":"first","14":"instock","15":"sale","16":"taxable","17":"shipping-taxable","18":"purchasable","19":"product-type-simple","20":"entry","21":"content-bg","22":"loop-entry"},"jetpack_publicize_connections":[],"uagb_featured_image_src":{"full":["https:\/\/aidaplatform.com.tr\/wp-content\/uploads\/2025\/07\/IMG-20240819-WA0231.jpg",1152,2048,false],"thumbnail":["https:\/\/aidaplatform.com.tr\/wp-content\/uploads\/2025\/07\/IMG-20240819-WA0231-150x150.jpg",150,150,true],"medium":["https:\/\/aidaplatform.com.tr\/wp-content\/uploads\/2025\/07\/IMG-20240819-WA0231-169x300.jpg",169,300,true],"medium_large":["https:\/\/aidaplatform.com.tr\/wp-content\/uploads\/2025\/07\/IMG-20240819-WA0231-768x1365.jpg",768,1365,true],"large":["https:\/\/aidaplatform.com.tr\/wp-content\/uploads\/2025\/07\/IMG-20240819-WA0231-576x1024.jpg",576,1024,true],"1536x1536":["https:\/\/aidaplatform.com.tr\/wp-content\/uploads\/2025\/07\/IMG-20240819-WA0231-864x1536.jpg",864,1536,true],"2048x2048":["https:\/\/aidaplatform.com.tr\/wp-content\/uploads\/2025\/07\/IMG-20240819-WA0231.jpg",1152,2048,false],"woocommerce_thumbnail":["https:\/\/aidaplatform.com.tr\/wp-content\/uploads\/2025\/07\/IMG-20240819-WA0231-300x300.jpg",300,300,true],"woocommerce_single":["https:\/\/aidaplatform.com.tr\/wp-content\/uploads\/2025\/07\/IMG-20240819-WA0231-600x1067.jpg",600,1067,true],"woocommerce_gallery_thumbnail":["https:\/\/aidaplatform.com.tr\/wp-content\/uploads\/2025\/07\/IMG-20240819-WA0231-100x100.jpg",100,100,true]},"uagb_author_info":{"display_name":"Aida Platform","author_link":"https:\/\/aidaplatform.com.tr\/author"},"uagb_comment_info":0,"uagb_excerpt":"%100 Hakiki deridir. 4 Fermuar G\u00f6zl\u00fcd\u00fcr. Ayarlanabillir omuz ask\u0131l\u0131kl\u0131d\u0131r. 22\u00d724 cm \u00f6l\u00e7\u00fcs\u00fcndedir. \u0130\u00e7 Astarl\u0131d\u0131r Omuz \u00c7antas\u0131 Erkek ve Kad\u0131n kullan\u0131m\u0131na uygundur.","jetpack_sharing_enabled":true,"_links":{"self":[{"href":"https:\/\/aidaplatform.com.tr\/index.php?rest_route=\/wp\/v2\/product\/2586","targetHints":{"allow":["GET"]}}],"collection":[{"href":"https:\/\/aidaplatform.com.tr\/index.php?rest_route=\/wp\/v2\/product"}],"about":[{"href":"https:\/\/aidaplatform.com.tr\/index.php?rest_route=\/wp\/v2\/types\/product"}],"replies":[{"embeddable":true,"href":"https:\/\/aidaplatform.com.tr\/index.php?rest_route=%2Fwp%2Fv2%2Fcomments&post=2586"}],"wp:featuredmedia":[{"embeddable":true,"href":"https:\/\/aidaplatform.com.tr\/index.php?rest_route=\/wp\/v2\/media\/2587"}],"wp:attachment":[{"href":"https:\/\/aidaplatform.com.tr\/index.php?rest_route=%2Fwp%2Fv2%2Fmedia&parent=2586"}],"wp:term":[{"taxonomy":"product_brand","embeddable":true,"href":"https:\/\/aidaplatform.com.tr\/index.php?rest_route=%2Fwp%2Fv2%2Fproduct_brand&post=2586"},{"taxonomy":"product_cat","embeddable":true,"href":"https:\/\/aidaplatform.com.tr\/index.php?rest_route=%2Fwp%2Fv2%2Fproduct_cat&post=2586"},{"taxonomy":"product_tag","embeddable":true,"href":"https:\/\/aidaplatform.com.tr\/index.php?rest_route=%2Fwp%2Fv2%2Fproduct_tag&post=2586"}],"curies":[{"name":"wp","href":"https:\/\/api.w.org\/{rel}","templated":true}]}}