{"id":2037,"date":"2025-07-01T21:35:36","date_gmt":"2025-07-01T21:35:36","guid":{"rendered":"https:\/\/aidaplatform.com.tr\/?post_type=product&#038;p=2037"},"modified":"2025-07-26T10:39:30","modified_gmt":"2025-07-26T10:39:30","slug":"bagard-156-inch-harber-laptop-notebook-evrak-cantasi-kirmizi","status":"publish","type":"product","link":"https:\/\/aidaplatform.com.tr\/?product=bagard-156-inch-harber-laptop-notebook-evrak-cantasi-kirmizi","title":{"rendered":"Bagard 15,6 Inch Harber Laptop Notebook Evrak \u00c7antas\u0131 K\u0131rm\u0131z\u0131"},"content":{"rendered":"<p>Bagard 15,6 Inch Harber Laptop Notebook Evrak \u00c7antas\u0131 K\u0131rm\u0131z\u0131 model, \u015f\u0131k tasar\u0131m\u0131 ve fonksiyonel yap\u0131s\u0131yla i\u015f hayat\u0131nda kullan\u0131c\u0131lar\u0131n be\u011fenisini kazan\u0131yor. \u00d6zel i\u00e7 yap\u0131s\u0131 sayesinde 15,6 in\u00e7 boyutundaki laptoplar\u0131 g\u00fcvenle ta\u015f\u0131yan bu \u00e7anta, ayarlanabilir omuz ask\u0131l\u0131\u011f\u0131 ve 1. s\u0131n\u0131f astar kaplamas\u0131 ile konforlu ve uzun \u00f6m\u00fcrl\u00fc bir kullan\u0131m sunuyor. 40\u00d730 cm boyutlar\u0131ndaki model, evraklar\u0131n\u0131z\u0131, kalemlerinizi ve di\u011fer aksesuarlar\u0131n\u0131z\u0131 d\u00fczenli bir \u015fekilde ta\u015f\u0131yabilece\u011finiz fonksiyonel cebe sahip. K\u0131rm\u0131z\u0131 rengiyle her ortamda \u015f\u0131kl\u0131\u011f\u0131n\u0131z\u0131 ve profesyonelli\u011finizi tamaml\u0131yor.<\/p>\n","protected":false},"excerpt":{"rendered":"<h5 data-start=\"1152\" data-end=\"1199\"><strong data-start=\"1159\" data-end=\"1199\">\u00dcr\u00fcn Teknik \u00d6zellikleri\u00a0<\/strong><\/h5>\n<ul data-start=\"1200\" data-end=\"1439\">\n<li data-start=\"1200\" data-end=\"1230\">\n<h5 data-start=\"1202\" data-end=\"1230\">Model Kodu: K\u0131rm\u0131z\u013119001<\/h5>\n<\/li>\n<li data-start=\"1231\" data-end=\"1254\">\n<h5 data-start=\"1233\" data-end=\"1254\">Boyut: 40&#215;30 cm<\/h5>\n<\/li>\n<li data-start=\"1255\" data-end=\"1289\">\n<h5 data-start=\"1257\" data-end=\"1289\">Uyumluluk: 15,6 in\u00e7 laptop<\/h5>\n<\/li>\n<li data-start=\"1290\" data-end=\"1317\">\n<h5 data-start=\"1292\" data-end=\"1317\">Cep Say\u0131s\u0131: 2 cepli<\/h5>\n<\/li>\n<li data-start=\"1318\" data-end=\"1337\">\n<h5 data-start=\"1320\" data-end=\"1337\">Renk: K\u0131rm\u0131z\u0131<\/h5>\n<\/li>\n<li data-start=\"1338\" data-end=\"1370\">\n<h5 data-start=\"1340\" data-end=\"1370\">Astar: Kaliteli i\u00e7 astar<\/h5>\n<\/li>\n<li data-start=\"1371\" data-end=\"1439\">\n<h5 data-start=\"1373\" data-end=\"1439\">\u00d6zellik: Darbeye kar\u015f\u0131 korumal\u0131, ayarlanabilir omuz ask\u0131l\u0131\u011f\u0131<\/h5>\n<\/li>\n<\/ul>\n<h5 class=\"btn-bubble-icon\"><\/h5>\n<div class=\"btn-bubble-icon\"><\/div>\n","protected":false},"featured_media":1747,"comment_status":"open","ping_status":"closed","template":"","meta":{"_uag_custom_page_level_css":"","_kad_post_transparent":"default","_kad_post_title":"","_kad_post_layout":"default","_kad_post_sidebar_id":"","_kad_post_content_style":"default","_kad_post_vertical_padding":"default","_kad_post_feature":"","_kad_post_feature_position":"","_kad_post_header":false,"_kad_post_footer":false,"jetpack_publicize_message":"","jetpack_publicize_feature_enabled":true,"jetpack_social_post_already_shared":false,"jetpack_social_options":{"image_generator_settings":{"template":"highway","default_image_id":0,"font":"","enabled":false},"version":2}},"product_brand":[26],"product_cat":[459],"product_tag":[29,27,28],"class_list":{"0":"post-2037","1":"product","2":"type-product","3":"status-publish","4":"has-post-thumbnail","6":"product_brand-bagard","7":"product_cat-canta-ve-aksesuar","8":"product_tag-evrakcantasi","9":"product_tag-laptopcantasi","10":"product_tag-notebookcantasi","12":"first","13":"instock","14":"sale","15":"featured","16":"taxable","17":"shipping-taxable","18":"purchasable","19":"product-type-simple","20":"entry","21":"content-bg","22":"loop-entry"},"jetpack_publicize_connections":[],"uagb_featured_image_src":{"full":["https:\/\/aidaplatform.com.tr\/wp-content\/uploads\/2025\/06\/IMG-20250616-WA0026-e1750087714455.jpg",804,952,false],"thumbnail":["https:\/\/aidaplatform.com.tr\/wp-content\/uploads\/2025\/06\/IMG-20250616-WA0026-e1750087714455-150x150.jpg",150,150,true],"medium":["https:\/\/aidaplatform.com.tr\/wp-content\/uploads\/2025\/06\/IMG-20250616-WA0026-e1750087714455-253x300.jpg",253,300,true],"medium_large":["https:\/\/aidaplatform.com.tr\/wp-content\/uploads\/2025\/06\/IMG-20250616-WA0026-e1750087714455-768x909.jpg",768,909,true],"large":["https:\/\/aidaplatform.com.tr\/wp-content\/uploads\/2025\/06\/IMG-20250616-WA0026-e1750087714455.jpg",804,952,false],"1536x1536":["https:\/\/aidaplatform.com.tr\/wp-content\/uploads\/2025\/06\/IMG-20250616-WA0026-e1750087714455.jpg",804,952,false],"2048x2048":["https:\/\/aidaplatform.com.tr\/wp-content\/uploads\/2025\/06\/IMG-20250616-WA0026-e1750087714455.jpg",804,952,false],"woocommerce_thumbnail":["https:\/\/aidaplatform.com.tr\/wp-content\/uploads\/2025\/06\/IMG-20250616-WA0026-e1750087714455-300x300.jpg",300,300,true],"woocommerce_single":["https:\/\/aidaplatform.com.tr\/wp-content\/uploads\/2025\/06\/IMG-20250616-WA0026-e1750087714455-600x710.jpg",600,710,true],"woocommerce_gallery_thumbnail":["https:\/\/aidaplatform.com.tr\/wp-content\/uploads\/2025\/06\/IMG-20250616-WA0026-e1750087714455-100x100.jpg",100,100,true]},"uagb_author_info":{"display_name":"Aida Platform","author_link":"https:\/\/aidaplatform.com.tr\/author"},"uagb_comment_info":0,"uagb_excerpt":"\u00dcr\u00fcn Teknik \u00d6zellikleri\u00a0 Model Kodu: K\u0131rm\u0131z\u013119001 Boyut: 40x30 cm Uyumluluk: 15,6 in\u00e7 laptop Cep Say\u0131s\u0131: 2 cepli Renk: K\u0131rm\u0131z\u0131 Astar: Kaliteli i\u00e7 astar \u00d6zellik: Darbeye kar\u015f\u0131 korumal\u0131, ayarlanabilir omuz ask\u0131l\u0131\u011f\u0131","jetpack_sharing_enabled":true,"_links":{"self":[{"href":"https:\/\/aidaplatform.com.tr\/index.php?rest_route=\/wp\/v2\/product\/2037","targetHints":{"allow":["GET"]}}],"collection":[{"href":"https:\/\/aidaplatform.com.tr\/index.php?rest_route=\/wp\/v2\/product"}],"about":[{"href":"https:\/\/aidaplatform.com.tr\/index.php?rest_route=\/wp\/v2\/types\/product"}],"replies":[{"embeddable":true,"href":"https:\/\/aidaplatform.com.tr\/index.php?rest_route=%2Fwp%2Fv2%2Fcomments&post=2037"}],"wp:featuredmedia":[{"embeddable":true,"href":"https:\/\/aidaplatform.com.tr\/index.php?rest_route=\/wp\/v2\/media\/1747"}],"wp:attachment":[{"href":"https:\/\/aidaplatform.com.tr\/index.php?rest_route=%2Fwp%2Fv2%2Fmedia&parent=2037"}],"wp:term":[{"taxonomy":"product_brand","embeddable":true,"href":"https:\/\/aidaplatform.com.tr\/index.php?rest_route=%2Fwp%2Fv2%2Fproduct_brand&post=2037"},{"taxonomy":"product_cat","embeddable":true,"href":"https:\/\/aidaplatform.com.tr\/index.php?rest_route=%2Fwp%2Fv2%2Fproduct_cat&post=2037"},{"taxonomy":"product_tag","embeddable":true,"href":"https:\/\/aidaplatform.com.tr\/index.php?rest_route=%2Fwp%2Fv2%2Fproduct_tag&post=2037"}],"curies":[{"name":"wp","href":"https:\/\/api.w.org\/{rel}","templated":true}]}}