{"id":2016,"date":"2025-06-28T11:47:38","date_gmt":"2025-06-28T11:47:38","guid":{"rendered":"https:\/\/aidaplatform.com.tr\/?post_type=product&#038;p=2016"},"modified":"2025-07-03T12:10:48","modified_gmt":"2025-07-03T12:10:48","slug":"bagard-erkek-hakiki-deri-postaci-cantasi","status":"publish","type":"product","link":"https:\/\/aidaplatform.com.tr\/?product=bagard-erkek-hakiki-deri-postaci-cantasi","title":{"rendered":"Bagard Erkek Hakiki Deri Postac\u0131 \u00c7antas\u0131"},"content":{"rendered":"<ul class=\"detail-desc-list two-columns\">\n<li>&#8211; G\u00fcnl\u00fck kullan\u0131m i\u00e7in ideal, casual tarz\u0131yla dikkat \u00e7eken erkek postac\u0131 \u00e7antas\u0131.<\/li>\n<li>&#8211; Zamans\u0131z siyah rengiyle her k\u0131yafetle uyum sa\u011flayan d\u00fcz desenli tasar\u0131m.<\/li>\n<li>&#8211; Yeti\u015fkinlerin rahatl\u0131kla tercih edebilece\u011fi, g\u00fcnl\u00fck kullan\u0131ma uygun yap\u0131da.<\/li>\n<li>&#8211; Erkek koleksiyonuna \u00f6zel olarak tasarlanm\u0131\u015f, \u015f\u0131kl\u0131\u011f\u0131 ve fonksiyonelli\u011fi bir arada sunan model.<\/li>\n<li>&#8211; %100 hakiki deriden \u00fcretilmi\u015f olup, dayan\u0131kl\u0131l\u0131\u011f\u0131 ve kalitesiyle \u00f6n plana \u00e7\u0131kar.<\/li>\n<li>&#8211; Ger\u00e7ek derinin sundu\u011fu l\u00fcks hissiyat\u0131n\u0131 ya\u015fatan bu \u00e7anta, uzun s\u00fcreli kullan\u0131m i\u00e7in idealdir.<\/li>\n<li>&#8211; Siyah renk se\u00e7ene\u011fi ile kolayca kombinlenebilen ve her ortama uyum sa\u011flayabilen estetik g\u00f6r\u00fcn\u00fcm.<\/li>\n<li>&#8211; S\u00fcrd\u00fcr\u00fclebilirlik detay\u0131na sahip olmas\u0131yla \u00e7evre dostu bir se\u00e7im yapman\u0131z\u0131 sa\u011flar do\u011faya duyarl\u0131l\u0131\u011f\u0131n\u0131z\u0131 g\u00f6sterir.<\/li>\n<li>&#8211; Y\u0131kama talimatlar\u0131na uygun \u015fekilde bak\u0131m yap\u0131ld\u0131\u011f\u0131nda formunu koruyarak y\u0131llar boyu ilk g\u00fcnk\u00fc gibi kullan\u0131labilir.<\/li>\n<\/ul>\n<p>&nbsp;<\/p>\n","protected":false},"excerpt":{"rendered":"<ul>\n<li>%100 Hakiki deridir.<\/li>\n<li>4 Fermuar G\u00f6zl\u00fcd\u00fcr.<\/li>\n<li>Ayarlanabillir omuz ask\u0131l\u0131kl\u0131d\u0131r.<\/li>\n<li>22&#215;24 cm \u00f6l\u00e7\u00fcs\u00fcndedir.<\/li>\n<li>\u0130\u00e7 Astarl\u0131d\u0131r<\/li>\n<li>Omuz \u00c7antas\u0131<\/li>\n<li>Erkek ve Kad\u0131n kullan\u0131m\u0131na uygundur.<\/li>\n<\/ul>\n","protected":false},"featured_media":2017,"comment_status":"open","ping_status":"closed","template":"","meta":{"_uag_custom_page_level_css":"","_kad_post_transparent":"","_kad_post_title":"","_kad_post_layout":"","_kad_post_sidebar_id":"","_kad_post_content_style":"","_kad_post_vertical_padding":"","_kad_post_feature":"","_kad_post_feature_position":"","_kad_post_header":false,"_kad_post_footer":false,"jetpack_publicize_message":"","jetpack_publicize_feature_enabled":true,"jetpack_social_post_already_shared":false,"jetpack_social_options":{"image_generator_settings":{"template":"highway","default_image_id":0,"font":"","enabled":false},"version":2}},"product_brand":[26],"product_cat":[459],"product_tag":[383,382,379,380,377,381,378],"class_list":{"0":"post-2016","1":"product","2":"type-product","3":"status-publish","4":"has-post-thumbnail","6":"product_brand-bagard","7":"product_cat-canta-ve-aksesuar","8":"product_tag-bursacanta","9":"product_tag-dericanta","10":"product_tag-deriomuzcantasi","11":"product_tag-erkekcanta","12":"product_tag-hakikideri","13":"product_tag-kadincanta","14":"product_tag-omuzcantasi","16":"first","17":"instock","18":"sale","19":"featured","20":"taxable","21":"shipping-taxable","22":"purchasable","23":"product-type-simple","24":"entry","25":"content-bg","26":"loop-entry"},"jetpack_publicize_connections":[],"uagb_featured_image_src":{"full":["https:\/\/aidaplatform.com.tr\/wp-content\/uploads\/2025\/06\/Bagard-hakiki-deri-postaci-omuz-cantasi-erkek-kadin-1.png",1080,1350,false],"thumbnail":["https:\/\/aidaplatform.com.tr\/wp-content\/uploads\/2025\/06\/Bagard-hakiki-deri-postaci-omuz-cantasi-erkek-kadin-1-150x150.png",150,150,true],"medium":["https:\/\/aidaplatform.com.tr\/wp-content\/uploads\/2025\/06\/Bagard-hakiki-deri-postaci-omuz-cantasi-erkek-kadin-1-240x300.png",240,300,true],"medium_large":["https:\/\/aidaplatform.com.tr\/wp-content\/uploads\/2025\/06\/Bagard-hakiki-deri-postaci-omuz-cantasi-erkek-kadin-1-768x960.png",768,960,true],"large":["https:\/\/aidaplatform.com.tr\/wp-content\/uploads\/2025\/06\/Bagard-hakiki-deri-postaci-omuz-cantasi-erkek-kadin-1-819x1024.png",819,1024,true],"1536x1536":["https:\/\/aidaplatform.com.tr\/wp-content\/uploads\/2025\/06\/Bagard-hakiki-deri-postaci-omuz-cantasi-erkek-kadin-1.png",1080,1350,false],"2048x2048":["https:\/\/aidaplatform.com.tr\/wp-content\/uploads\/2025\/06\/Bagard-hakiki-deri-postaci-omuz-cantasi-erkek-kadin-1.png",1080,1350,false],"woocommerce_thumbnail":["https:\/\/aidaplatform.com.tr\/wp-content\/uploads\/2025\/06\/Bagard-hakiki-deri-postaci-omuz-cantasi-erkek-kadin-1-300x300.png",300,300,true],"woocommerce_single":["https:\/\/aidaplatform.com.tr\/wp-content\/uploads\/2025\/06\/Bagard-hakiki-deri-postaci-omuz-cantasi-erkek-kadin-1-600x750.png",600,750,true],"woocommerce_gallery_thumbnail":["https:\/\/aidaplatform.com.tr\/wp-content\/uploads\/2025\/06\/Bagard-hakiki-deri-postaci-omuz-cantasi-erkek-kadin-1-100x100.png",100,100,true]},"uagb_author_info":{"display_name":"Aida Platform","author_link":"https:\/\/aidaplatform.com.tr\/author"},"uagb_comment_info":0,"uagb_excerpt":"%100 Hakiki deridir. 4 Fermuar G\u00f6zl\u00fcd\u00fcr. Ayarlanabillir omuz ask\u0131l\u0131kl\u0131d\u0131r. 22x24 cm \u00f6l\u00e7\u00fcs\u00fcndedir. \u0130\u00e7 Astarl\u0131d\u0131r Omuz \u00c7antas\u0131 Erkek ve Kad\u0131n kullan\u0131m\u0131na uygundur.","jetpack_sharing_enabled":true,"_links":{"self":[{"href":"https:\/\/aidaplatform.com.tr\/index.php?rest_route=\/wp\/v2\/product\/2016","targetHints":{"allow":["GET"]}}],"collection":[{"href":"https:\/\/aidaplatform.com.tr\/index.php?rest_route=\/wp\/v2\/product"}],"about":[{"href":"https:\/\/aidaplatform.com.tr\/index.php?rest_route=\/wp\/v2\/types\/product"}],"replies":[{"embeddable":true,"href":"https:\/\/aidaplatform.com.tr\/index.php?rest_route=%2Fwp%2Fv2%2Fcomments&post=2016"}],"wp:featuredmedia":[{"embeddable":true,"href":"https:\/\/aidaplatform.com.tr\/index.php?rest_route=\/wp\/v2\/media\/2017"}],"wp:attachment":[{"href":"https:\/\/aidaplatform.com.tr\/index.php?rest_route=%2Fwp%2Fv2%2Fmedia&parent=2016"}],"wp:term":[{"taxonomy":"product_brand","embeddable":true,"href":"https:\/\/aidaplatform.com.tr\/index.php?rest_route=%2Fwp%2Fv2%2Fproduct_brand&post=2016"},{"taxonomy":"product_cat","embeddable":true,"href":"https:\/\/aidaplatform.com.tr\/index.php?rest_route=%2Fwp%2Fv2%2Fproduct_cat&post=2016"},{"taxonomy":"product_tag","embeddable":true,"href":"https:\/\/aidaplatform.com.tr\/index.php?rest_route=%2Fwp%2Fv2%2Fproduct_tag&post=2016"}],"curies":[{"name":"wp","href":"https:\/\/api.w.org\/{rel}","templated":true}]}}