{"id":119,"date":"2025-06-14T15:08:39","date_gmt":"2025-06-14T15:08:39","guid":{"rendered":"https:\/\/aidaplatform.com.tr\/about-us\/"},"modified":"2025-07-07T23:06:06","modified_gmt":"2025-07-07T23:06:06","slug":"about-us","status":"publish","type":"page","link":"https:\/\/aidaplatform.com.tr\/?page_id=119","title":{"rendered":"Hakk\u0131m\u0131zda"},"content":{"rendered":"\t\t<div data-elementor-type=\"wp-page\" data-elementor-id=\"119\" class=\"elementor elementor-119\">\n\t\t\t\t<div class=\"elementor-element elementor-element-4b76c283 e-flex e-con-boxed e-con e-parent\" data-id=\"4b76c283\" data-element_type=\"container\" data-e-type=\"container\">\n\t\t\t\t\t<div class=\"e-con-inner\">\n\t\t\t\t<div class=\"elementor-element elementor-element-51fb90c6 elementor-widget elementor-widget-text-editor\" data-id=\"51fb90c6\" data-element_type=\"widget\" data-e-type=\"widget\" data-widget_type=\"text-editor.default\">\n\t\t\t\t<div class=\"elementor-widget-container\">\n\t\t\t\t\t\t\t\t\t\n<div class=\"wp-block-uagb-container uagb-block-c83c7f3f alignfull uagb-is-root-container\">\n<div class=\"uagb-container-inner-blocks-wrap\">\n<div class=\"wp-block-uagb-advanced-heading uagb-block-7ce29fef\">\n<h1 class=\"uagb-heading-text\">Hakk\u0131m\u0131zda<\/h1>\n<\/div>\n<\/div>\n<\/div>\n\n<div class=\"wp-block-uagb-container uagb-block-9838c905 alignfull uagb-is-root-container\">\n<div class=\"uagb-container-inner-blocks-wrap\">\n<p>\u00a0<\/p>\n\n<div class=\"wp-block-columns is-layout-flex wp-container-core-columns-is-layout-9d6595d7 wp-block-columns-is-layout-flex\">\n<div class=\"wp-block-column is-layout-flow wp-block-column-is-layout-flow\" style=\"flex-basis: 100%;\">\n<p class=\"has-text-align-center\"><strong>Hakk\u0131m\u0131zda \u2013 Aida Platform<\/strong><\/p>\n\n<p class=\"has-text-align-center\"><strong>Aida Platform<\/strong>, 2021 y\u0131l\u0131nda uzun \u00f6m\u00fcrl\u00fc ve estetik tasar\u0131mlar\u0131yla tan\u0131nan bir deri \u00e7anta ve aksesuar markas\u0131 olarak kuruldu. Kendi at\u00f6lyemizde el i\u015f\u00e7ili\u011fiyle ger\u00e7ekle\u015ftirilen \u00fcretimlerimizde, <strong>hakiki deri \u00e7anta<\/strong>, <strong>laptop \u00e7antas\u0131<\/strong>, <strong>ki\u015fiye \u00f6zel anahtarl\u0131k<\/strong> ve <strong>ah\u015fap dekoratif \u00fcr\u00fcnler<\/strong> dikkat \u00e7ekmektedir.<\/p>\n\n<p class=\"has-text-align-center\"><strong>\ud83d\udca1 Y\u00fcksek Kalite \u2013 S\u00fcrd\u00fcr\u00fclebilirlik \u2013 G\u00fcven<\/strong><\/p>\n\n<p class=\"has-text-align-center\"><strong>Yerel \u00fcretim<\/strong>: T\u00fcm \u00fcr\u00fcnlerimiz Bursa\u2019daki at\u00f6lyemizde, s\u00fcrd\u00fcr\u00fclebilir ve dayan\u0131kl\u0131 malzemelerle \u00fcretiliyor.<\/p>\n\n<p class=\"has-text-align-center\"><strong>El i\u015f\u00e7ili\u011fi<\/strong>: Her par\u00e7an\u0131n tasar\u0131m\u0131, \u00f6zenli diki\u015fi ve estetik detaylar\u0131, kalite standard\u0131m\u0131z\u0131n g\u00f6stergesidir.<\/p>\n\n<p class=\"has-text-align-center\"><strong>Geni\u015f \u00fcr\u00fcn yelpazesi<\/strong>: Hem bireysel kullan\u0131c\u0131lar hem de kurumsal m\u00fc\u015fteriler i\u00e7in fonksiyonel ve \u015f\u0131k \u00e7\u00f6z\u00fcmler sunuyoruz.<\/p>\n\n<p class=\"has-text-align-center\"><strong>\u2728 Misyonumuz<\/strong><\/p>\n\n<p class=\"has-text-align-center\">Modern ya\u015fam tarz\u0131na uygun, zamans\u0131z ve fonksiyonel tasar\u0131mlar geli\u015ftirmek; ayn\u0131 zamanda kullan\u0131c\u0131lar\u0131m\u0131za <strong>memnuniyet<\/strong>, <strong>g\u00fcven<\/strong> ve <strong>de\u011fer<\/strong> kazand\u0131rmak.<\/p>\n\n<p class=\"has-text-align-center\"><strong>\ud83d\ude80 Vizyonumuz<\/strong><\/p>\n\n<p class=\"has-text-align-center\">Yerli \u00fcretimle <strong>uluslararas\u0131 pazarlarda<\/strong> tan\u0131nan bir marka olmak; estetik ve dayan\u0131kl\u0131l\u0131\u011f\u0131 bir araya getiren yenilik\u00e7i \u00fcr\u00fcnlerle sekt\u00f6rde \u00f6ne \u00e7\u0131kmak.<\/p>\n\n<p>\u00a0<\/p>\n\n<div class=\"wp-block-group is-nowrap is-layout-flex wp-container-core-group-is-layout-ad2f72ca wp-block-group-is-layout-flex\">\n<p class=\"has-text-align-center\">deri \u00e7anta<\/p>\n\n<p class=\"has-text-align-center\">hakiki deri \u00e7anta<\/p>\n\n<p class=\"has-text-align-center\">el yap\u0131m\u0131 aksesuarlar<\/p>\n\n<p class=\"has-text-align-center\">ah\u015fap dekoratif \u00fcr\u00fcnler<\/p>\n\n<p class=\"has-text-align-center\">laptop \u00e7antas\u0131<\/p>\n\n<p class=\"has-text-align-center\">ki\u015fiye \u00f6zel anahtarl\u0131k<\/p>\n\n<p class=\"has-text-align-center\">T\u00fcrkiye deri \u00fcretimi<\/p>\n\n<p>\u00a0<\/p>\n<\/div>\n\n<p class=\"has-text-align-center\"><strong>\ud83d\udc49 Neden Aida Platform?<\/strong><\/p>\n\n<p class=\"has-text-align-center\"><strong>Yerli ve el yap\u0131m\u0131 \u00fcretim<\/strong>, her \u00fcr\u00fcnde benzersiz de\u011fer sunar.<\/p>\n\n<p class=\"has-text-align-center\"><strong>S\u00fcrd\u00fcr\u00fclebilir malzeme<\/strong> kullan\u0131m\u0131yla \u00e7evreye duyarl\u0131y\u0131z.<\/p>\n\n<p class=\"has-text-align-center\"><strong>M\u00fc\u015fteri odakl\u0131<\/strong>, ki\u015fiye \u00f6zel \u00e7\u00f6z\u00fcmlerle fark yarat\u0131yoruz.Hakk\u0131m\u0131zda<\/p>\n<\/div>\n<\/div>\n\n<p>\u00a0<\/p>\n\n<div class=\"wp-block-uagb-image aligncenter uagb-block-f49f13f1 wp-block-uagb-image--layout-default wp-block-uagb-image--effect-static wp-block-uagb-image--align-center\">\n<figure class=\"wp-block-uagb-image__figure\"><img fetchpriority=\"high\" decoding=\"async\" class=\"uag-image-1681\" title=\"1 (2) - Kopya\" role=\"img\" src=\"https:\/\/aidaplatform.com.tr\/wp-content\/uploads\/2025\/06\/1-2-Kopya.png\" sizes=\"(max-width: 480px) 150px\" srcset=\"https:\/\/aidaplatform.com.tr\/wp-content\/uploads\/2025\/06\/1-2-Kopya.png ,https:\/\/aidaplatform.com.tr\/wp-content\/uploads\/2025\/06\/1-2-Kopya.png 780w, https:\/\/aidaplatform.com.tr\/wp-content\/uploads\/2025\/06\/1-2-Kopya.png 360w\" alt=\"\" width=\"1200\" height=\"590\"><\/figure>\n<\/div>\n<\/div>\n<\/div>\n\n<div class=\"wp-block-uagb-info-box uagb-block-ea68267b uagb-infobox__content-wrap  uagb-infobox-icon-above-title uagb-infobox-image-valign-top\">\n<div class=\"uagb-ifb-content\">\n<div class=\"uagb-ifb-title-wrap\">\n<h2 class=\"uagb-ifb-title\">Koleksiyonumuzu \u015fimdi ke\u015ffedin!<\/h2>\n<\/div>\n<p class=\"uagb-ifb-desc\">Her bir \u00fcr\u00fcn\u00fc titizlikle tasarlad\u0131k ve sizin i\u00e7in \u00fcrettik. Kaliteyi ve \u015f\u0131kl\u0131\u011f\u0131 bir arada sunuyoruz.<\/p>\n<div class=\"uagb-ifb-button-wrapper wp-block-button\"><a class=\"uagb-infobox-cta-link wp-block-button__link\" href=\"https:\/\/aidaplatform.com.tr\/?product_cat=canta-ve-aksesuar\" target=\"_self\" rel=\"noopener noreferrer\"><span class=\"uagb-inline-editing\">Al\u0131\u015fveri\u015f i\u00e7in ke\u015ffet<\/span><\/a><\/div>\n<\/div>\n<\/div>\n\n<p class=\"has-ast-global-color-5-background-color has-background\">\u00a0<\/p>\n\n<div class=\"wp-block-uagb-container uagb-block-b6050628 alignfull uagb-is-root-container\">\n<div class=\"uagb-container-inner-blocks-wrap\">\u00a0<\/div>\n<\/div>\n\t\t\t\t\t\t\t\t<\/div>\n\t\t\t\t<\/div>\n\t\t\t\t\t<\/div>\n\t\t\t\t<\/div>\n\t\t\t\t<\/div>\n\t\t","protected":false},"excerpt":{"rendered":"<p>Hakk\u0131m\u0131zda \u00a0 Hakk\u0131m\u0131zda \u2013 Aida Platform Aida Platform, 2021 y\u0131l\u0131nda uzun \u00f6m\u00fcrl\u00fc ve estetik tasar\u0131mlar\u0131yla tan\u0131nan bir deri \u00e7anta ve aksesuar markas\u0131 olarak kuruldu. Kendi at\u00f6lyemizde el i\u015f\u00e7ili\u011fiyle ger\u00e7ekle\u015ftirilen \u00fcretimlerimizde, hakiki deri \u00e7anta, laptop \u00e7antas\u0131, ki\u015fiye \u00f6zel anahtarl\u0131k ve ah\u015fap dekoratif \u00fcr\u00fcnler dikkat \u00e7ekmektedir. \ud83d\udca1 Y\u00fcksek Kalite \u2013 S\u00fcrd\u00fcr\u00fclebilirlik \u2013 G\u00fcven Yerel \u00fcretim: T\u00fcm \u00fcr\u00fcnlerimiz&#8230;<\/p>\n","protected":false},"author":1,"featured_media":1672,"parent":0,"menu_order":0,"comment_status":"closed","ping_status":"closed","template":"","meta":{"_uag_custom_page_level_css":"","_kad_post_transparent":"","_kad_post_title":"","_kad_post_layout":"","_kad_post_sidebar_id":"","_kad_post_content_style":"","_kad_post_vertical_padding":"","_kad_post_feature":"","_kad_post_feature_position":"","_kad_post_header":false,"_kad_post_footer":false,"footnotes":""},"class_list":["post-119","page","type-page","status-publish","has-post-thumbnail","hentry"],"_hostinger_reach_plugin_has_subscription_block":false,"_hostinger_reach_plugin_is_elementor":false,"uagb_featured_image_src":{"full":["https:\/\/aidaplatform.com.tr\/wp-content\/uploads\/2025\/06\/Spesiyaller-Kopyasi.png",640,72,false],"thumbnail":["https:\/\/aidaplatform.com.tr\/wp-content\/uploads\/2025\/06\/Spesiyaller-Kopyasi-150x72.png",150,72,true],"medium":["https:\/\/aidaplatform.com.tr\/wp-content\/uploads\/2025\/06\/Spesiyaller-Kopyasi-300x34.png",300,34,true],"medium_large":["https:\/\/aidaplatform.com.tr\/wp-content\/uploads\/2025\/06\/Spesiyaller-Kopyasi.png",640,72,false],"large":["https:\/\/aidaplatform.com.tr\/wp-content\/uploads\/2025\/06\/Spesiyaller-Kopyasi.png",640,72,false],"1536x1536":["https:\/\/aidaplatform.com.tr\/wp-content\/uploads\/2025\/06\/Spesiyaller-Kopyasi.png",640,72,false],"2048x2048":["https:\/\/aidaplatform.com.tr\/wp-content\/uploads\/2025\/06\/Spesiyaller-Kopyasi.png",640,72,false],"woocommerce_thumbnail":["https:\/\/aidaplatform.com.tr\/wp-content\/uploads\/2025\/06\/Spesiyaller-Kopyasi-300x72.png",300,72,true],"woocommerce_single":["https:\/\/aidaplatform.com.tr\/wp-content\/uploads\/2025\/06\/Spesiyaller-Kopyasi-600x68.png",600,68,true],"woocommerce_gallery_thumbnail":["https:\/\/aidaplatform.com.tr\/wp-content\/uploads\/2025\/06\/Spesiyaller-Kopyasi-100x72.png",100,72,true]},"uagb_author_info":{"display_name":"Aida Platform","author_link":"https:\/\/aidaplatform.com.tr\/author\/platformaidagmail-com"},"uagb_comment_info":0,"uagb_excerpt":"Hakk\u0131m\u0131zda \u00a0 Hakk\u0131m\u0131zda \u2013 Aida Platform Aida Platform, 2021 y\u0131l\u0131nda uzun \u00f6m\u00fcrl\u00fc ve estetik tasar\u0131mlar\u0131yla tan\u0131nan bir deri \u00e7anta ve aksesuar markas\u0131 olarak kuruldu. Kendi at\u00f6lyemizde el i\u015f\u00e7ili\u011fiyle ger\u00e7ekle\u015ftirilen \u00fcretimlerimizde, hakiki deri \u00e7anta, laptop \u00e7antas\u0131, ki\u015fiye \u00f6zel anahtarl\u0131k ve ah\u015fap dekoratif \u00fcr\u00fcnler dikkat \u00e7ekmektedir. \ud83d\udca1 Y\u00fcksek Kalite \u2013 S\u00fcrd\u00fcr\u00fclebilirlik \u2013 G\u00fcven Yerel \u00fcretim: T\u00fcm \u00fcr\u00fcnlerimiz...","jetpack_sharing_enabled":true,"_links":{"self":[{"href":"https:\/\/aidaplatform.com.tr\/index.php?rest_route=\/wp\/v2\/pages\/119","targetHints":{"allow":["GET"]}}],"collection":[{"href":"https:\/\/aidaplatform.com.tr\/index.php?rest_route=\/wp\/v2\/pages"}],"about":[{"href":"https:\/\/aidaplatform.com.tr\/index.php?rest_route=\/wp\/v2\/types\/page"}],"author":[{"embeddable":true,"href":"https:\/\/aidaplatform.com.tr\/index.php?rest_route=\/wp\/v2\/users\/1"}],"replies":[{"embeddable":true,"href":"https:\/\/aidaplatform.com.tr\/index.php?rest_route=%2Fwp%2Fv2%2Fcomments&post=119"}],"version-history":[{"count":32,"href":"https:\/\/aidaplatform.com.tr\/index.php?rest_route=\/wp\/v2\/pages\/119\/revisions"}],"predecessor-version":[{"id":2506,"href":"https:\/\/aidaplatform.com.tr\/index.php?rest_route=\/wp\/v2\/pages\/119\/revisions\/2506"}],"wp:featuredmedia":[{"embeddable":true,"href":"https:\/\/aidaplatform.com.tr\/index.php?rest_route=\/wp\/v2\/media\/1672"}],"wp:attachment":[{"href":"https:\/\/aidaplatform.com.tr\/index.php?rest_route=%2Fwp%2Fv2%2Fmedia&parent=119"}],"curies":[{"name":"wp","href":"https:\/\/api.w.org\/{rel}","templated":true}]}}